{"id":11,"date":"2024-08-01T14:40:23","date_gmt":"2024-08-01T12:40:23","guid":{"rendered":"https:\/\/www.manumerologie.fr\/?page_id=11"},"modified":"2024-08-09T10:34:32","modified_gmt":"2024-08-09T08:34:32","slug":"la-seance","status":"publish","type":"page","link":"https:\/\/www.manumerologie.fr\/index.php\/la-seance\/","title":{"rendered":"La s\u00e9ance"},"content":{"rendered":"\n<p><strong>La s\u00e9ance d&rsquo;une heure se d\u00e9roule en 3 \u00e9tape<\/strong><\/p>\n\n\n\n<ul class=\"wp-block-list has-palette-color-2-color has-text-color has-link-color wp-elements-2c9169628d0c2c198efc0687e9897f42\">\n<li><em>Pr\u00e9sentation rapide du d\u00e9roul\u00e9<\/em><\/li>\n\n\n\n<li><em>votre question<\/em><\/li>\n\n\n\n<li><em>l&rsquo;analyse de la conjoncture<\/em> (date de naissance)<\/li>\n\n\n\n<li><em>Questions r\u00e9ponses<\/em><\/li>\n<\/ul>\n\n\n\n<p><strong>EN VISIO<\/strong><\/p>\n\n\n\n<p class=\"has-palette-color-2-color has-text-color has-link-color wp-elements-f6f04632e995c8258f363d70b2c2532c\">Lors de la prise de RDV, un mail vous est adress\u00e9 avec le lien qui vous permettra de participer \u00e0 la s\u00e9ance en ligne via Google meet. nous vous conseillons de bien noter votre num\u00e9ro de t\u00e9l\u00e9phone portable.<\/p>\n\n\n\n<p class=\"has-palette-color-2-color has-text-color has-link-color wp-elements-5cd1fff2efa794294c6c3b7ec777bc6f\">Vous recevrez un rappel du rendez vous 24 h avant par mail.<\/p>\n\n\n\n<p><strong>SUR SITE<\/strong><\/p>\n\n\n\n<p class=\"has-palette-color-2-color has-text-color has-link-color wp-elements-92e1aae2ef2b93ddc1268dac2618cbe5\">Il est possible de prendre rendez vous sur site. l&rsquo;adresse figure sur la page contact. Nous vous demandons de bien vouloir le stipulais lors de la prise de rendez vous.<\/p>\n\n\n\n<div class=\"wp-block-buttons is-layout-flex wp-block-buttons-is-layout-flex\">\n<div class=\"wp-block-button\"><a class=\"wp-block-button__link wp-element-button\" href=\"https:\/\/www.manumerologie.fr\/index.php\/prendre-rendez-vous\/\">Prendre RDV<\/a><\/div>\n<\/div>\n\n\n\n<p><\/p>\n","protected":false},"excerpt":{"rendered":"<p>La s\u00e9ance d&rsquo;une heure se d\u00e9roule en 3 \u00e9tape EN VISIO Lors de la prise de RDV, un mail vous est adress\u00e9 avec le lien qui vous permettra de participer \u00e0 la s\u00e9ance en ligne via Google meet. nous vous conseillons de bien noter votre num\u00e9ro de t\u00e9l\u00e9phone portable. Vous recevrez un rappel du rendez [&hellip;]<\/p>\n","protected":false},"author":1,"featured_media":0,"parent":0,"menu_order":0,"comment_status":"closed","ping_status":"closed","template":"","meta":{"footnotes":""},"class_list":["post-11","page","type-page","status-publish","hentry"],"blocksy_meta":[],"_links":{"self":[{"href":"https:\/\/www.manumerologie.fr\/index.php\/wp-json\/wp\/v2\/pages\/11","targetHints":{"allow":["GET"]}}],"collection":[{"href":"https:\/\/www.manumerologie.fr\/index.php\/wp-json\/wp\/v2\/pages"}],"about":[{"href":"https:\/\/www.manumerologie.fr\/index.php\/wp-json\/wp\/v2\/types\/page"}],"author":[{"embeddable":true,"href":"https:\/\/www.manumerologie.fr\/index.php\/wp-json\/wp\/v2\/users\/1"}],"replies":[{"embeddable":true,"href":"https:\/\/www.manumerologie.fr\/index.php\/wp-json\/wp\/v2\/comments?post=11"}],"version-history":[{"count":3,"href":"https:\/\/www.manumerologie.fr\/index.php\/wp-json\/wp\/v2\/pages\/11\/revisions"}],"predecessor-version":[{"id":95,"href":"https:\/\/www.manumerologie.fr\/index.php\/wp-json\/wp\/v2\/pages\/11\/revisions\/95"}],"wp:attachment":[{"href":"https:\/\/www.manumerologie.fr\/index.php\/wp-json\/wp\/v2\/media?parent=11"}],"curies":[{"name":"wp","href":"https:\/\/api.w.org\/{rel}","templated":true}]}}