{"id":13,"date":"2024-08-01T14:40:54","date_gmt":"2024-08-01T12:40:54","guid":{"rendered":"https:\/\/www.manumerologie.fr\/?page_id=13"},"modified":"2024-08-08T19:27:07","modified_gmt":"2024-08-08T17:27:07","slug":"la-parole-des-sages","status":"publish","type":"page","link":"https:\/\/www.manumerologie.fr\/index.php\/la-parole-des-sages\/","title":{"rendered":"La parole des sages"},"content":{"rendered":"\n<div class=\"wp-block-media-text has-media-on-the-right is-stacked-on-mobile is-vertically-aligned-bottom\" style=\"grid-template-columns:auto 20%\"><div class=\"wp-block-media-text__content\">\n<p class=\"has-text-align-center has-palette-color-2-color has-text-color has-link-color wp-elements-61e252787be779f6e6e0801e5b6e694b\"><em>La premi\u00e8re et la plus importante science est celle du nombre en soi, en excluant le calcul vulgaire. Cette science explique comment il est engendr\u00e9 par le pair et l\u2019impair, quelles sont ses vertus et comment il communique sa nature \u00e0 toute chose\u2026<\/em><\/p>\n\n\n\n<p class=\"has-text-align-center has-palette-color-2-color has-text-color\"><em>Si l\u2019on comprend ces merveilles, on se rend compte qu\u2019elles n\u2019ont pu \u00eatre invent\u00e9es par l\u2019homme, mais qu\u2019elles proc\u00e8dent d\u2019une inspiration d\u2019en haut<\/em><\/p>\n\n\n\n<p><em><strong>\u2013 Platon<\/strong><\/em><\/p>\n<\/div><figure class=\"wp-block-media-text__media\"><img loading=\"lazy\" decoding=\"async\" width=\"577\" height=\"1024\" src=\"https:\/\/www.manumerologie.fr\/wp-content\/uploads\/2024\/08\/plato-5650237_1280-577x1024.png\" alt=\"\" class=\"wp-image-41 size-full\" srcset=\"https:\/\/www.manumerologie.fr\/wp-content\/uploads\/2024\/08\/plato-5650237_1280-577x1024.png 577w, https:\/\/www.manumerologie.fr\/wp-content\/uploads\/2024\/08\/plato-5650237_1280-169x300.png 169w, https:\/\/www.manumerologie.fr\/wp-content\/uploads\/2024\/08\/plato-5650237_1280.png 721w\" sizes=\"auto, (max-width: 577px) 100vw, 577px\" \/><\/figure><\/div>\n\n\n\n<hr class=\"wp-block-separator has-alpha-channel-opacity\"\/>\n\n\n\n<div class=\"wp-block-media-text is-stacked-on-mobile\" style=\"grid-template-columns:17% auto\"><figure class=\"wp-block-media-text__media\"><img loading=\"lazy\" decoding=\"async\" width=\"189\" height=\"267\" src=\"https:\/\/www.manumerologie.fr\/wp-content\/uploads\/2024\/08\/index-1.jpg\" alt=\"\" class=\"wp-image-39 size-full\"\/><\/figure><div class=\"wp-block-media-text__content\">\n<p class=\"has-text-align-center has-palette-color-2-color has-text-color\"><em>Les nombres r\u00e9gissent l\u2019univers, tout est arrang\u00e9 d\u2019apr\u00e8s les nombres.Les nombres contiennent le secret des chiffres et Dieu est l\u2019harmonie universelle\u00bb<\/em><\/p>\n\n\n\n<p><strong>Doctrine pythagoricienne<\/strong><\/p>\n\n\n\n<p class=\"has-text-align-center has-palette-color-2-color has-text-color has-link-color wp-elements-55cdd129c5fddd843d516d8dd5c52956\"><em>\u00ab Soumettre l\u2019univers aux nombres afin de rendre intelligible l\u2019union d\u2019une substance essentiellement spirituelle et infinie avec un corps mat\u00e9riel et limit\u00e9<\/em><\/p>\n\n\n\n<p><em><strong>\u2013 Pythagore<\/strong><\/em><\/p>\n<\/div><\/div>\n\n\n\n<hr class=\"wp-block-separator has-alpha-channel-opacity\"\/>\n\n\n\n<div class=\"wp-block-media-text has-media-on-the-right is-stacked-on-mobile\" style=\"grid-template-columns:auto 20%\"><div class=\"wp-block-media-text__content\">\n<p class=\"has-text-align-center has-palette-color-2-color has-text-color has-link-color wp-elements-a11e866378d9bb917117e31484311227\"><em>Aux nombres s\u2019ajoutent des figures g\u00e9om\u00e9triques all\u00e9goriques et symboliques qui affermissent notre initiation et les rythmes auxquels nous sommes soumis et que nous ignorons, alors qu\u2019une connaissance lucide nous permettrait de les utiliser au mieux des circonstances et des adaptations, car pour celui qui sait, \u00ab&nbsp;tout est relatif&nbsp;\u00bb. C\u2019est l\u00e0 le seul principe absolu.<\/em><\/p>\n\n\n\n<p><em><strong>\u2013 Auguste COMTE<\/strong><\/em><\/p>\n<\/div><figure class=\"wp-block-media-text__media\"><img loading=\"lazy\" decoding=\"async\" width=\"798\" height=\"1024\" src=\"https:\/\/www.manumerologie.fr\/wp-content\/uploads\/2024\/08\/standard_compressed_Auguste_Comte-798x1024.jpg\" alt=\"\" class=\"wp-image-40 size-full\" srcset=\"https:\/\/www.manumerologie.fr\/wp-content\/uploads\/2024\/08\/standard_compressed_Auguste_Comte-798x1024.jpg 798w, https:\/\/www.manumerologie.fr\/wp-content\/uploads\/2024\/08\/standard_compressed_Auguste_Comte-234x300.jpg 234w, https:\/\/www.manumerologie.fr\/wp-content\/uploads\/2024\/08\/standard_compressed_Auguste_Comte-768x986.jpg 768w, https:\/\/www.manumerologie.fr\/wp-content\/uploads\/2024\/08\/standard_compressed_Auguste_Comte.jpg 935w\" sizes=\"auto, (max-width: 798px) 100vw, 798px\" \/><\/figure><\/div>\n\n\n\n<p><\/p>\n","protected":false},"excerpt":{"rendered":"<p>La premi\u00e8re et la plus importante science est celle du nombre en soi, en excluant le calcul vulgaire. Cette science explique comment il est engendr\u00e9 par le pair et l\u2019impair, quelles sont ses vertus et comment il communique sa nature \u00e0 toute chose\u2026 Si l\u2019on comprend ces merveilles, on se rend compte qu\u2019elles n\u2019ont pu [&hellip;]<\/p>\n","protected":false},"author":1,"featured_media":0,"parent":0,"menu_order":0,"comment_status":"closed","ping_status":"closed","template":"","meta":{"footnotes":""},"class_list":["post-13","page","type-page","status-publish","hentry"],"blocksy_meta":{"page_structure_type":"type-3","styles_descriptor":{"styles":{"desktop":"[data-prefix=\"single_page\"] .entry-header .page-title {--theme-font-size:30px;} [data-prefix=\"single_page\"] .entry-header .entry-meta {--theme-font-weight:600;--theme-text-transform:uppercase;--theme-font-size:12px;--theme-line-height:1.3;}","tablet":"","mobile":""},"google_fonts":[],"version":6},"has_hero_section":"enabled","vertical_spacing_source":"custom"},"_links":{"self":[{"href":"https:\/\/www.manumerologie.fr\/index.php\/wp-json\/wp\/v2\/pages\/13","targetHints":{"allow":["GET"]}}],"collection":[{"href":"https:\/\/www.manumerologie.fr\/index.php\/wp-json\/wp\/v2\/pages"}],"about":[{"href":"https:\/\/www.manumerologie.fr\/index.php\/wp-json\/wp\/v2\/types\/page"}],"author":[{"embeddable":true,"href":"https:\/\/www.manumerologie.fr\/index.php\/wp-json\/wp\/v2\/users\/1"}],"replies":[{"embeddable":true,"href":"https:\/\/www.manumerologie.fr\/index.php\/wp-json\/wp\/v2\/comments?post=13"}],"version-history":[{"count":14,"href":"https:\/\/www.manumerologie.fr\/index.php\/wp-json\/wp\/v2\/pages\/13\/revisions"}],"predecessor-version":[{"id":55,"href":"https:\/\/www.manumerologie.fr\/index.php\/wp-json\/wp\/v2\/pages\/13\/revisions\/55"}],"wp:attachment":[{"href":"https:\/\/www.manumerologie.fr\/index.php\/wp-json\/wp\/v2\/media?parent=13"}],"curies":[{"name":"wp","href":"https:\/\/api.w.org\/{rel}","templated":true}]}}